{"id":116,"date":"2025-07-07T05:27:04","date_gmt":"2025-07-07T05:27:04","guid":{"rendered":"https:\/\/moxigelushi.com\/home\/?page_id=116"},"modified":"2025-11-22T03:40:11","modified_gmt":"2025-11-22T03:40:11","slug":"vivienda-2","status":"publish","type":"page","link":"https:\/\/moxigelushi.com\/home\/vivienda-2\/","title":{"rendered":"Vivienda"},"content":{"rendered":"<div class=\"et_pb_section_0 et_pb_section et_pb_fullwidth_section et_section_regular et_block_section et_pb_section_parallax\"><span class=\"et-pb-parallax-wrapper\"><span class=\"et-pb-parallax-background et-pb-parallax-background-module--divi-section-0\" style=\"background-image:url(https:\/\/moxigelushi.com\/wp-content\/uploads\/2025\/07\/Vivienda.png)\"><\/span><\/span>\n<section class=\"et_pb_fullwidth_header_0 et_pb_fullwidth_header et_pb_bg_layout_dark et_pb_text_align_left et_pb_module et_flex_module preset--group--divi-fullwidth-header--divi-button--default\"><div class=\"et_pb_fullwidth_header_container left\"><div class=\"header-content-container center\"><div class=\"header-content et_flex_module\"><h1 class=\"et_pb_module_header\">Vivienda<\/h1><span class=\"et_pb_fullwidth_header_subhead\">COMPRA Y RENTA DE INMUEBLES<\/span><div class=\"et_pb_header_button_wrapper\"><a class=\"et_pb_button et_pb_more_button et_pb_button_one\" href=\"https:\/\/moxigelushi.com\/home\/contacto\/\">Solicitar Asesor\u00eda<\/a><\/div><\/div><\/div><\/div><div class=\"et_pb_fullwidth_header_overlay\"><\/div><div class=\"et_pb_fullwidth_header_scroll\"><\/div><\/section>\n<\/div>\n\n<div class=\"et_pb_section_1 et_pb_section et_section_regular et_block_section\">\n<div class=\"et_pb_row_0 et_pb_row et_block_row\">\n<div class=\"et_pb_column_0 et_pb_column et_pb_column_4_4 et-last-child et_block_column et_pb_css_mix_blend_mode_passthrough\">\n<div class=\"et_pb_text_0 et_pb_text et_pb_bg_layout_light et_pb_module et_block_module\"><div class=\"et_pb_text_inner\"><h1 class=\"et_pb_module_header et-fb-editable-element et-fb-editable-element__editing\" data-shortcode-id=\"1.0.0.0-1532638965664\" data-quickaccess-id=\"header\" contenteditable=\"true\">Es de su inter\u00e9s comprar o rentar en M\u00e9xico.<\/h1>\n<\/div><\/div>\n<\/div>\n<\/div>\n\n<div class=\"et_pb_row_1 et_pb_row et_block_row\">\n<div class=\"et_pb_column_1 et_pb_column et_pb_column_4_4 et-last-child et_block_column et_pb_css_mix_blend_mode_passthrough\">\n<div class=\"et_pb_text_1 et_pb_text et_pb_bg_layout_light et_pb_module et_block_module\"><div class=\"et_pb_text_inner\"><h3 style=\"text-align: justify;\">NECESITA ASESOR\u00cdA<\/h3>\n<p style=\"text-align: justify;\"><span style=\"font-weight: 400;\">Invertir en propiedades en M\u00e9xico es sencillo y seguro con nuestro respaldo. Le orientamos en cada etapa, desde verificar requisitos legales, realizar revisiones documentales, hasta consejos pr\u00e1cticos que garantizar\u00e1n el \u00e9xito y seguridad de su inversi\u00f3n.<\/span><\/p>\n<p style=\"text-align: justify;\"><span style=\"font-weight: 400;\">Rentar propiedades en M\u00e9xico requiere conocimiento claro de sus derechos y obligaciones, nosotros ofrecemos asesor\u00eda para lograr contratos de arrendamiento transparentes, seguros y sin complicaciones legales.<\/span><\/p>\n<\/div><\/div>\n<\/div>\n<\/div>\n<\/div>\n\n<div class=\"et_pb_section_2 et_pb_section et_section_regular et_block_section\">\n<div class=\"et_pb_row_2 et_pb_row et_pb_gutters1 et_block_row\">\n<div class=\"et_pb_column_2 et_pb_column et_pb_column_4_4 et-last-child et_block_column et_pb_css_mix_blend_mode_passthrough\">\n<div class=\"et_pb_text_2 et_pb_text et_pb_bg_layout_light et_pb_module et_block_module\"><div class=\"et_pb_text_inner\"><h1>Otorgamos asesor\u00eda en:<\/h2>\n<\/div><\/div>\n<\/div>\n<\/div>\n\n<div class=\"et_pb_row_3 et_pb_row et_flex_row\">\n<div class=\"et_pb_column_3 et_pb_column et_flex_column et_pb_css_mix_blend_mode_passthrough et_flex_column_6_24 et_flex_column_12_24_tablet et_flex_column_24_24_phone\">\n<div class=\"et_pb_image_0 et_pb_image et_pb_module et_flex_module\"><span class=\"et_pb_image_wrap\"><img loading=\"lazy\" decoding=\"async\" src=\"https:\/\/moxigelushi.com\/wp-content\/uploads\/2025\/11\/Tramites-2.png\" width=\"1350\" height=\"2211\" srcset=\"https:\/\/moxigelushi.com\/wp-content\/uploads\/2025\/11\/Tramites-2.png 1350w, https:\/\/moxigelushi.com\/wp-content\/uploads\/2025\/11\/Tramites-2-183x300.png 183w, https:\/\/moxigelushi.com\/wp-content\/uploads\/2025\/11\/Tramites-2-625x1024.png 625w, https:\/\/moxigelushi.com\/wp-content\/uploads\/2025\/11\/Tramites-2-768x1258.png 768w\" sizes=\"(max-width: 1350px) 100vw, 1350px\" class=\"wp-image-590\" \/><\/span>\n<div class=\"et_pb_text_3 et_pb_text et_pb_bg_layout_light et_pb_module et_flex_module\"><div class=\"et_pb_text_inner\"><h4 style=\"text-align: center;\"><span style=\"color: #eee9ea;\"><strong>Tr\u00e1mites<\/strong><\/span><\/h4>\n<\/div><\/div>\n<\/div>\n<\/div>\n\n<div class=\"et_pb_column_4 et_pb_column et_flex_column et_pb_css_mix_blend_mode_passthrough et_flex_column_6_24 et_flex_column_12_24_tablet et_flex_column_24_24_phone\">\n<div class=\"et_pb_image_1 et_pb_image et_pb_module et_flex_module\"><span class=\"et_pb_image_wrap\"><img loading=\"lazy\" decoding=\"async\" src=\"https:\/\/moxigelushi.com\/wp-content\/uploads\/2025\/11\/MIGRACION.png\" width=\"1350\" height=\"2211\" srcset=\"https:\/\/moxigelushi.com\/wp-content\/uploads\/2025\/11\/MIGRACION.png 1350w, https:\/\/moxigelushi.com\/wp-content\/uploads\/2025\/11\/MIGRACION-183x300.png 183w, https:\/\/moxigelushi.com\/wp-content\/uploads\/2025\/11\/MIGRACION-625x1024.png 625w, https:\/\/moxigelushi.com\/wp-content\/uploads\/2025\/11\/MIGRACION-768x1258.png 768w, https:\/\/moxigelushi.com\/wp-content\/uploads\/2025\/11\/MIGRACION-938x1536.png 938w, https:\/\/moxigelushi.com\/wp-content\/uploads\/2025\/11\/MIGRACION-1250x2048.png 1250w\" sizes=\"(max-width: 1350px) 100vw, 1350px\" class=\"wp-image-595\" \/><\/span>\n<div class=\"et_pb_text_4 et_pb_text et_pb_bg_layout_light et_pb_module et_flex_module\"><div class=\"et_pb_text_inner\"><h4 style=\"text-align: center;\"><span style=\"color: #eee9ea;\"><strong>Compra<\/strong><\/span><\/h4>\n<\/div><\/div>\n<\/div>\n<\/div>\n\n<div class=\"et_pb_column_5 et_pb_column et_flex_column et_pb_css_mix_blend_mode_passthrough et_flex_column_6_24 et_flex_column_12_24_tablet et_flex_column_24_24_phone\">\n<div class=\"et_pb_image_2 et_pb_image et_pb_module et_flex_module\"><span class=\"et_pb_image_wrap\"><img loading=\"lazy\" decoding=\"async\" src=\"https:\/\/moxigelushi.com\/wp-content\/uploads\/2025\/11\/renta.png\" width=\"1350\" height=\"2211\" srcset=\"https:\/\/moxigelushi.com\/wp-content\/uploads\/2025\/11\/renta.png 1350w, https:\/\/moxigelushi.com\/wp-content\/uploads\/2025\/11\/renta-183x300.png 183w, https:\/\/moxigelushi.com\/wp-content\/uploads\/2025\/11\/renta-625x1024.png 625w, https:\/\/moxigelushi.com\/wp-content\/uploads\/2025\/11\/renta-768x1258.png 768w, https:\/\/moxigelushi.com\/wp-content\/uploads\/2025\/11\/renta-938x1536.png 938w, https:\/\/moxigelushi.com\/wp-content\/uploads\/2025\/11\/renta-1250x2048.png 1250w, https:\/\/moxigelushi.com\/wp-content\/uploads\/2025\/11\/renta-1080x1769.png 1080w\" sizes=\"(max-width: 1350px) 100vw, 1350px\" class=\"wp-image-600\" \/><\/span>\n<div class=\"et_pb_text_5 et_pb_text et_pb_bg_layout_light et_pb_module et_flex_module\"><div class=\"et_pb_text_inner\"><h4 style=\"text-align: center;\"><span style=\"color: #eee9ea;\"><strong>Renta<\/strong><\/span><\/h4>\n<\/div><\/div>\n<\/div>\n<\/div>\n\n<div class=\"et_pb_column_6 et_pb_column et-last-child et_flex_column et_pb_css_mix_blend_mode_passthrough et_flex_column_6_24 et_flex_column_12_24_tablet et_flex_column_24_24_phone\">\n<div class=\"et_pb_image_3 et_pb_image et_pb_module et_flex_module\"><span class=\"et_pb_image_wrap\"><img loading=\"lazy\" decoding=\"async\" src=\"https:\/\/moxigelushi.com\/wp-content\/uploads\/2025\/11\/renta-copia.png\" width=\"1350\" height=\"2211\" srcset=\"https:\/\/moxigelushi.com\/wp-content\/uploads\/2025\/11\/renta-copia.png 1350w, https:\/\/moxigelushi.com\/wp-content\/uploads\/2025\/11\/renta-copia-183x300.png 183w, https:\/\/moxigelushi.com\/wp-content\/uploads\/2025\/11\/renta-copia-625x1024.png 625w, https:\/\/moxigelushi.com\/wp-content\/uploads\/2025\/11\/renta-copia-768x1258.png 768w, https:\/\/moxigelushi.com\/wp-content\/uploads\/2025\/11\/renta-copia-938x1536.png 938w\" sizes=\"(max-width: 1350px) 100vw, 1350px\" class=\"wp-image-601\" \/><\/span>\n<div class=\"et_pb_text_6 et_pb_text et_pb_bg_layout_light et_pb_module et_flex_module\"><div class=\"et_pb_text_inner\"><h4 style=\"text-align: center;\"><span style=\"color: #eee9ea;\"><strong>Seguridad<\/strong><\/span><\/h4>\n<\/div><\/div>\n<\/div>\n<\/div>\n<\/div>\n\n<div class=\"et_pb_row_4 et_pb_row et_block_row\">\n<div class=\"et_pb_column_7 et_pb_column et_pb_column_4_4 et-last-child et_block_column et_pb_css_mix_blend_mode_passthrough\">\n<div class=\"et_pb_module et_pb_button_module_wrapper et_pb_button_0_wrapper preset--group--divi-button--divi-button--default_wrapper\"><a class=\"et_pb_button_0 et_pb_button et_pb_bg_layout_light et_pb_module et_block_module preset--group--divi-button--divi-button--default\" href=\"https:\/\/moxigelushi.com\/home\/contacto\/\">Agenda una asesor\u00eda<\/a><\/div>\n<\/div>\n<\/div>\n<\/div>\n\n<div class=\"et_pb_section_3 et_pb_section et_section_regular et_flex_section\">\n<div class=\"et_pb_row_5 et_pb_row et_flex_row\">\n<div class=\"et_pb_column_8 et_pb_column et_flex_column et_pb_css_mix_blend_mode_passthrough et_flex_column_6_24 et_flex_column_8_24_tablet et_flex_column_24_24_phone\">\n<div class=\"et_pb_heading_0 et_pb_heading et_pb_module et_block_module\"><div class=\"et_pb_heading_container\"><h1 class=\"et_pb_module_header\">Su tranquilidad legal comienza aqu\u00ed<\/h1><\/div><\/div>\n\n<div class=\"et_pb_text_7 et_pb_text et_pb_bg_layout_light et_pb_module et_block_module\"><div class=\"et_pb_text_inner\"><p><span style=\"font-weight: 400;\">Experiencia, profesionalismo y atenci\u00f3n personalizada. Cont\u00e1ctenos hoy mismo y permita que nuestro equipo especializado le apoye en alcanzar sus objetivos en M\u00e9xico con total seguridad y confianza. Tenemos oficinas en la Ciudad de M\u00e9xico y podemos asesorarle en toda la rep\u00fablica mexicana. <\/span><\/p>\n<\/div><\/div>\n<\/div>\n\n<div class=\"et_pb_column_9 et_pb_column et-last-child et_flex_column et_pb_css_mix_blend_mode_passthrough et_flex_column_18_24 et_flex_column_16_24_tablet et_flex_column_24_24_phone\">\n<div class=\"et_pb_row_6 et_pb_row et-vb-row--no-module et_pb_row_nested et_flex_row\">\n<div class=\"et_pb_column_10 et_pb_column et-last-child et_flex_column et_pb_column_empty et_pb_css_mix_blend_mode_passthrough et_flex_column_24_24 et_flex_column_24_24_tablet et_flex_column_24_24_phone\"><\/div>\n<\/div>\n\n<div class=\"et_pb_row_7 et_pb_row et_pb_row_nested et_flex_row\">\n<div class=\"et_pb_column_11 et_pb_column et_flex_column et_pb_css_mix_blend_mode_passthrough et_flex_column_12_24 et_flex_column_12_24_tablet et_flex_column_24_24_phone\">\n<div class=\"et_pb_heading_1 et_pb_heading et_pb_module et_block_module\"><div class=\"et_pb_heading_container\"><h1 class=\"et_pb_module_header\">T\u00e9l\u00e9fono<\/h1><\/div><\/div>\n\n<div class=\"et_pb_text_8 et_pb_text et_pb_bg_layout_light et_pb_module et_block_module\"><div class=\"et_pb_text_inner\"><p>+52 5557 615883<\/p>\n<\/div><\/div>\n<\/div>\n\n<div class=\"et_pb_column_12 et_pb_column et-last-child et_flex_column et_pb_css_mix_blend_mode_passthrough et_flex_column_12_24 et_flex_column_12_24_tablet et_flex_column_24_24_phone\">\n<div class=\"et_pb_text_9 et_pb_text et_pb_bg_layout_light et_pb_module et_block_module\"><div class=\"et_pb_text_inner\"><h1 class=\"et_pb_module_header\" data-et-vb-editable-element=\"true\" contenteditable=\"true\"><span style=\"color: #e02b20;\">Direcci\u00f3n<\/span><\/h1>\n<\/div><\/div>\n<\/div>\n<\/div>\n\n<div class=\"et_pb_row_8 et_pb_row et_pb_row_nested et_flex_row\">\n<div class=\"et_pb_column_13 et_pb_column et_flex_column et_pb_css_mix_blend_mode_passthrough et_flex_column_12_24 et_flex_column_12_24_tablet et_flex_column_24_24_phone\">\n<div class=\"et_pb_heading_2 et_pb_heading et_pb_module et_block_module\"><div class=\"et_pb_heading_container\"><h1 class=\"et_pb_module_header\">E-mail<\/h1><\/div><\/div>\n\n<div class=\"et_pb_text_10 et_pb_text et_pb_bg_layout_light et_pb_module et_block_module\"><div class=\"et_pb_text_inner\"><p>informa@landeroasociados.com<\/p>\n<\/div><\/div>\n<\/div>\n\n<div class=\"et_pb_column_14 et_pb_column et-last-child et_flex_column et_pb_css_mix_blend_mode_passthrough et_flex_column_12_24 et_flex_column_12_24_tablet et_flex_column_24_24_phone\">\n<div class=\"et_pb_text_11 et_pb_text et_pb_bg_layout_light et_pb_module et_block_module\"><div class=\"et_pb_text_inner\"><p>World Trade Center CDMX<\/p>\n<p>Montecito 38, Piso 16, Oficina 34.<\/p>\n<p>C.P. 03810, CDMX<\/p>\n<\/div><\/div>\n<\/div>\n<\/div>\n<\/div>\n<\/div>\n<\/div>\n\n<div class=\"et_pb_section_4 et_pb_section et_section_regular et_flex_section\">\n<div class=\"et_pb_row_9 et_pb_row et_flex_row\">\n<div class=\"et_pb_column_15 et_pb_column et-last-child et_flex_column et_pb_css_mix_blend_mode_passthrough et_flex_column_24_24 et_flex_column_24_24_tablet et_flex_column_24_24_phone\">\n<div class=\"et_pb_contact_form_0 et_pb_contact_form_container clearfix et_pb_module et_flex_module preset--group--divi-contact-form--divi-button--default\" data-form_unique_num=\"0\" data-form_unique_id=\"cfb2ead3-5f93-426c-aebb-d908cf2724aa\" id=\"et_pb_contact_form_cfb2ead3-5f93-426c-aebb-d908cf2724aa\"><div class=\"et-pb-contact-message\"><\/div><div class=\"et_pb_contact\"><form class=\"et_pb_contact_form et_flex_module\" method=\"post\" action=\"https:\/\/moxigelushi.com\/home\/wp-json\/wp\/v2\/pages\/116\">\n<div class=\"et_pb_contact_field_0 et_pb_contact_field et_pb_module et_flex_module et_flex_column_12_24 et_flex_column_12_24_tablet et_flex_column_12_24_phone\" data-id=\"nombre\" data-type=\"input\"><label class=\"et_pb_contact_form_label\" for=\"et_pb_contact_0_nombre_0\">Nombre<\/label><input type=\"text\" name=\"et_pb_contact_0_nombre_0\" id=\"et_pb_contact_0_nombre_0\" class=\"input\" data-required_mark=\"required\" data-field_type=\"input\" data-original_id=\"nombre\" placeholder=\"Nombre\" title=\"\" value=\"\" \/><\/div>\n\n<div class=\"et_pb_contact_field_1 et_pb_contact_field et_pb_module et_flex_module et_flex_column_12_24 et_flex_column_12_24_tablet et_flex_column_12_24_phone\" data-id=\"email\" data-type=\"email\"><label class=\"et_pb_contact_form_label\" for=\"et_pb_contact_0_email_1\">Email <\/label><input type=\"text\" name=\"et_pb_contact_0_email_1\" id=\"et_pb_contact_0_email_1\" class=\"input\" data-required_mark=\"required\" data-field_type=\"email\" data-original_id=\"email\" placeholder=\"Email \" title=\"\" value=\"\" \/><\/div>\n\n<div class=\"et_pb_contact_field_2 et_pb_contact_field et_pb_module et_flex_module et_flex_column_24_24 et_flex_column_24_24_tablet et_flex_column_24_24_phone\" data-id=\"mensaje\" data-type=\"text\"><label class=\"et_pb_contact_form_label\" for=\"et_pb_contact_0_mensaje_2\">Mensaje<\/label><textarea name=\"et_pb_contact_0_mensaje_2\" id=\"et_pb_contact_0_mensaje_2\" class=\"et_pb_contact_message input\" data-required_mark=\"required\" data-field_type=\"text\" data-original_id=\"mensaje\" placeholder=\"Mensaje\"><\/textarea><\/div>\n<input type=\"hidden\" name=\"et_pb_contactform_submit_cfb2ead3-5f93-426c-aebb-d908cf2724aa\" value=\"et_contact_proccess\" \/><div class=\"et_contact_bottom_container\"><div class=\"et_pb_contact_right et_pb_contact_field\"><p class=\"clearfix\"><label><span class=\"et_pb_contact_captcha_question\">13 + 13<\/span> = <input type=\"text\" size=\"2\" class=\"input et_pb_contact_captcha\" data-first_digit=\"13\" data-second_digit=\"13\" data-required_mark=\"required\" name=\"et_pb_contact_captcha_cfb2ead3-5f93-426c-aebb-d908cf2724aa\" autocomplete=\"off\" \/><\/label><\/p><\/div><div class=\"et_pb_button_wrapper\"><button type=\"submit\" name=\"et_builder_submit_button\" class=\"et_pb_button et_pb_contact_submit\">Enviar<\/button><\/div><\/div><input type=\"hidden\" id=\"_wpnonce-et-pb-contact-form-submitted-cfb2ead3-5f93-426c-aebb-d908cf2724aa\" name=\"_wpnonce-et-pb-contact-form-submitted-cfb2ead3-5f93-426c-aebb-d908cf2724aa\" value=\"4f8b24eede\" \/><input type=\"hidden\" name=\"_wp_http_referer\" value=\"\/home\/wp-json\/wp\/v2\/pages\/116\" \/><\/form><\/div><\/div>\n\n<div class=\"et_pb_heading_3 et_pb_heading et_pb_module et_block_module\"><div class=\"et_pb_heading_container\"><h1 class=\"et_pb_module_header\">\u00a1Estamos listos para acompa\u00f1arle en cada etapa de su proyecto o estancia en M\u00e9xico!<\/h1><\/div><\/div>\n<\/div>\n<\/div>\n<\/div>\n\n<div class=\"et_pb_section_5 et_pb_section et_section_regular et_flex_section\"><\/div>","protected":false},"excerpt":{"rendered":"","protected":false},"author":1,"featured_media":0,"parent":0,"menu_order":0,"comment_status":"closed","ping_status":"closed","template":"","meta":{"footnotes":""},"class_list":["post-116","page","type-page","status-publish","hentry"],"_links":{"self":[{"href":"https:\/\/moxigelushi.com\/home\/wp-json\/wp\/v2\/pages\/116","targetHints":{"allow":["GET"]}}],"collection":[{"href":"https:\/\/moxigelushi.com\/home\/wp-json\/wp\/v2\/pages"}],"about":[{"href":"https:\/\/moxigelushi.com\/home\/wp-json\/wp\/v2\/types\/page"}],"author":[{"embeddable":true,"href":"https:\/\/moxigelushi.com\/home\/wp-json\/wp\/v2\/users\/1"}],"replies":[{"embeddable":true,"href":"https:\/\/moxigelushi.com\/home\/wp-json\/wp\/v2\/comments?post=116"}],"version-history":[{"count":21,"href":"https:\/\/moxigelushi.com\/home\/wp-json\/wp\/v2\/pages\/116\/revisions"}],"predecessor-version":[{"id":674,"href":"https:\/\/moxigelushi.com\/home\/wp-json\/wp\/v2\/pages\/116\/revisions\/674"}],"wp:attachment":[{"href":"https:\/\/moxigelushi.com\/home\/wp-json\/wp\/v2\/media?parent=116"}],"curies":[{"name":"wp","href":"https:\/\/api.w.org\/{rel}","templated":true}]}}