{"id":196,"date":"2025-07-14T04:34:16","date_gmt":"2025-07-14T04:34:16","guid":{"rendered":"https:\/\/moxigelushi.com\/home\/?page_id=196"},"modified":"2025-10-03T01:15:33","modified_gmt":"2025-10-03T01:15:33","slug":"aviso-de-privacidad","status":"publish","type":"page","link":"https:\/\/moxigelushi.com\/home\/aviso-de-privacidad\/","title":{"rendered":"Aviso de privacidad"},"content":{"rendered":"<div class=\"et_pb_section_0 et_pb_section et_section_regular et_block_section\"><div class=\"et_pb_row_0 et_pb_row et_block_row\"><div class=\"et_pb_column_0 et_pb_column et_pb_column_4_4 et-last-child et_block_column et_pb_css_mix_blend_mode_passthrough\"><div class=\"et_pb_text_0 et_pb_text et_pb_bg_layout_light et_pb_module et_flex_module\"><div class=\"et_pb_text_inner\"><h1 style=\"text-align: center;\"><b>AVISO DE PRIVACIDAD INTEGRAL<br \/><\/b><\/h1>\n<p style=\"text-align: justify;\"><b><\/b><\/p>\n<p style=\"text-align: justify;\"><b>IDENTIDAD Y DOMICILIO DEL RESPONSABLE QUE RECABA LOS DATOS<\/b><\/p>\n<p style=\"text-align: justify;\"><span style=\"font-weight: 400;\">LANDERO BONFIGLIO BUFETE JUR\u00cdDICO, S.C., con nombre comercial LANDERO ASOCIADOS BUFETE JUR\u00cdDICO y con domicilio en el Edificio Torre World Trade Center Ciudad de M\u00e9xico en la calle Montecito No. 38, piso 16, oficina 34, Colonia N\u00e1poles, alcald\u00eda Benito Ju\u00e1rez, en la Ciudad de M\u00e9xico, C.P. 03810, correo electr\u00f3nico de contacto: <\/span><a href=\"mailto:asesoria@landeroasociados.com\"><span style=\"font-weight: 400;\">asesoria@landeroasociados.com<\/span><\/a><span style=\"font-weight: 400;\"> y\/o <\/span><a href=\"mailto:informa@landeroasociados.com\"><span style=\"font-weight: 400;\">informa@landeroasociados.com<\/span><\/a><span style=\"font-weight: 400;\">, sitio de internet: <\/span><a href=\"http:\/\/www.landeroasociados.com\"><span style=\"font-weight: 400;\">www.landeroasociados.com<\/span><\/a><span style=\"font-weight: 400;\"> , es el responsable del tratamiento de los datos personales que nos proporcione, los cuales ser\u00e1n protegidos conforme a lo dispuesto por la Ley Federal de Protecci\u00f3n de Datos Personales en Posesi\u00f3n de los Particulares, y dem\u00e1s normatividad que resulten aplicables.<\/span><\/p>\n<p style=\"text-align: justify;\"><b>DATOS QUE SE RECABAN<\/b><\/p>\n<p style=\"text-align: justify;\"><span style=\"font-weight: 400;\">LANDERO BONFIGLIO BUFETE JUR\u00cdDICO, S.C., recabar\u00e1 de manera verbal, por escrito, a trav\u00e9s de medios electr\u00f3nicos o por cualquier otro medio, datos personales como: Nombre o raz\u00f3n social, Registro Federal de Contribuyentes (RFC), domicilio, direcci\u00f3n de correo electr\u00f3nico, giro o actividad de la empresa o negocio, tama\u00f1o de la empresa y sector al que pertenece, tel\u00e9fono celular y fijo.<\/span><\/p>\n<p style=\"text-align: justify;\"><span style=\"font-weight: 400;\">Se informa que no se recabar\u00e1n datos personales sensibles.<\/span><\/p>\n<p style=\"text-align: justify;\"><b>FINALIDADES DEL TRATAMIENTO DE LOS DATOS RECABADOS<\/b><\/p>\n<p style=\"text-align: justify;\"><span style=\"font-weight: 400;\">Los datos personales que recabemos ser\u00e1n utilizados con la finalidad de:<\/span><\/p>\n<p style=\"text-align: justify;\"><b>I) FINALIDADES INDISPENSABLES<\/b><\/p>\n<p style=\"text-align: justify;\"><span style=\"font-weight: 400;\">1)<\/span> <span style=\"font-weight: 400;\">verificar su identidad e informaci\u00f3n; 2) prestar los servicios (brindar asesor\u00eda legal, generar formatos, protocolos, lineamientos, manuales, webinars, cursos, capacitaciones, ex\u00e1menes) por cualquier medio \u00f3ptico, sonoro, tecnol\u00f3gico o f\u00edsico (videollamada, videoconferencia, correo electr\u00f3nico, google drive, WhatsApp, SMS, tel\u00e9fono, mensajer\u00eda, entre otros); 3) proporcionar informes, aclaraciones y\/o contactarle por cualquier medio \u00f3ptico, sonoro, tecnol\u00f3gico o f\u00edsico (WhatsApp, SMS, tel\u00e9fono, correo electr\u00f3nico, videollamada o videoconferencia, mensajer\u00eda, entre otros), respecto al estatus de los servicios contratados de asesor\u00eda legal, cursos, capacitaciones y\/o entrega de sus productos o servicios; 4) contrataci\u00f3n de materiales; 5) la emisi\u00f3n de facturas; 6) cumplir con la normatividad aplicable y requerimientos de las autoridades para el cumplimiento de las disposiciones legales y requerimientos de diversas autoridades; 7) atender sus dudas, quejas y sugerencias como cliente o usuario; 8) aclarar dudas sobre sus datos, ya sea por alg\u00fan error o imprecisi\u00f3n, establecer comunicaci\u00f3n para proporcionar asesor\u00eda en el uso de los formatos, manuales, documentos y para dar a conocer los t\u00e9rminos y condiciones de los servicios.<\/span><\/p>\n<p style=\"text-align: justify;\"><b>II) FINALIDADES SECUNDARIAS<\/b><\/p>\n<p style=\"text-align: justify;\"><span style=\"font-weight: 400;\">1) enviarle por cualquier medio \u00f3ptico, sonoro, tecnol\u00f3gico o f\u00edsico (videollamada, videoconferencia, correo electr\u00f3nico, google drive, WhatsApp, SMS, tel\u00e9fono, mensajer\u00eda, entre otros) nuestras promociones; 2) realizar publicidad en redes sociales, medios de comunicaci\u00f3n e informaci\u00f3n, peri\u00f3dicos y revistas; 3) llevar a cabo encuestas de satisfacci\u00f3n, para evaluar la calidad de los productos y servicios; 4) ofrecerle cualquiera de nuestros servicios y productos; 5) fines mercadol\u00f3gicos, de prospecci\u00f3n comercial y fines estad\u00edsticos e hist\u00f3ricos.<\/span><\/p>\n<p style=\"text-align: justify;\"><span style=\"font-weight: 400;\">El titular de los datos personales tiene derecho a oponerse a que sus datos personales sean usados para los fines contenidos en el numeral II) anterior correspondiente a las finalidades secundarias. En caso de que desee ejercer este derecho, el titular de los datos personales deber\u00e1 hacerlo conforme al procedimiento establecido en el presente Aviso de Privacidad, dentro de los 5 (cinco) d\u00edas h\u00e1biles siguientes a la fecha en la que el presente Aviso de Privacidad haya sido puesto a su disposici\u00f3n, a efecto de que el Responsable no trate sus datos para dichos fines. En caso contrario, se entender\u00e1 que el titular consiente el tratamiento de sus datos para todos los fines enumerados anteriormente. Hacemos notar que lo anterior es sin perjuicio de lo se\u00f1alado en el art\u00edculo 26 de la Ley Federal de Protecci\u00f3n de Datos Personales en Posesi\u00f3n de los Particulares y dem\u00e1s disposiciones aplicables.<\/span><\/p>\n<p style=\"text-align: justify;\"><span style=\"font-weight: 400;\">La negativa para el uso de sus datos personales sobre las finalidades se\u00f1aladas en el numeral II) anterior correspondiente a las finalidades secundarias, no ser\u00e1 motivo para que le neguemos nuestros servicios.<\/span><\/p>\n<p style=\"text-align: justify;\"><b>OPCIONES Y MEDIOS QUE EL RESPONSABLE OFRECE A LOS TITULARES PARA LIMITAR EL USO O DIVULGACIO\u0301N DE LOS DATOS\u00a0<\/b><\/p>\n<p style=\"text-align: justify;\"><span style=\"font-weight: 400;\">El titular podr\u00e1 enviar un correo electr\u00f3nico, dirigido al Departamento de Datos Personales de LANDERO BONFIGLIO BUFETE JUR\u00cdDICO, S.C. en la siguiente direcci\u00f3n de correo electr\u00f3nico: <\/span><a href=\"mailto:asesoria@landeroasociados.com\"><span style=\"font-weight: 400;\">asesoria@landeroasociados.com<\/span><\/a><span style=\"font-weight: 400;\"> y\/o <\/span><a href=\"mailto:informa@landeroasociados.com\"><span style=\"font-weight: 400;\">informa@landeroasociados.com<\/span><\/a><span style=\"font-weight: 400;\">, solicitando la limitaci\u00f3n del uso o divulgaci\u00f3n de que se trate, y sea excluido de los registros internos para contactarlo con fines promocionales, publicitarios y mercadol\u00f3gicos. Podr\u00e1 tambi\u00e9n realizar su inscripci\u00f3n ante la Procuradur\u00eda Federal del Consumidor (PROFECO) para evitar recibir publicidad, a trav\u00e9s del Registro P\u00fablico para Evitar Publicidad (REPEP), mediante su portal de internet accediendo a la liga <\/span><a href=\"http:\/\/repep.profeco.gob.mx\/\"><span style=\"font-weight: 400;\">http:\/\/repep.profeco.gob.mx\/<\/span><\/a><span style=\"font-weight: 400;\"> .<\/span><\/p>\n<p style=\"text-align: justify;\"><span style=\"font-weight: 400;\">Al limitar el uso o divulgaci\u00f3n de sus datos personales, es posible que el titular no conozca los beneficios que se deriven de adicionales relacionados con nuestras finalidades secundarias.<\/span><\/p>\n<p style=\"text-align: justify;\"><b>MEDIOS PARA EJERCER LOS DERECHOS DE ACCESO, RECTIFICACI\u00d3N, CANCELACI\u00d3N Y OPOSICI\u00d3N (ARCO) AL TRATAMIENTO DE DATOS PERSONALES<\/b><\/p>\n<p style=\"text-align: justify;\"><span style=\"font-weight: 400;\">El interesado podr\u00e1 hacer valer su derecho de: acceso, rectificaci\u00f3n, cancelaci\u00f3n y oposici\u00f3n (ARCO) por conducto del Departamento de Datos Personales del sujeto obligado domicilio ubicado en el Edificio Torre World Trade Center Ciudad de M\u00e9xico en la calle Montecito No. 38, piso 16, oficina 34, Colonia N\u00e1poles, alcald\u00eda Benito Ju\u00e1rez, en la Ciudad de M\u00e9xico, C.P. 03810, correo electr\u00f3nico: <\/span><a href=\"mailto:asesoria@landeroasociados.com\"><span style=\"font-weight: 400;\">asesoria@landeroasociados.com<\/span><\/a><span style=\"font-weight: 400;\"> y\/o <\/span><a href=\"mailto:informa@landeroasociados.com\"><span style=\"font-weight: 400;\">informa@landeroasociados.com<\/span><\/a><span style=\"font-weight: 400;\">;\u00a0tel\u00e9fono: 5557615883 Extensi\u00f3n 0; con lo que se da cumplimiento a los establecido por la Ley Federal de Protecci\u00f3n de Datos Personales en Posesi\u00f3n de los Particulares, y dem\u00e1s normatividad que resulte aplicable. Por \u00faltimo, si requiere informaci\u00f3n adicional, tiene alguna duda sobre el derecho de acceso a la informaci\u00f3n y de protecci\u00f3n de datos personales, le sugerimos llamar al n\u00famero telef\u00f3nico antes citado. Tambi\u00e9n puede acudir directamente a nuestras oficinas ubicadas en el domicilio referido anteriormente en un horario de Lunes a Viernes de las 9:00 a las 15:00 horas. En caso de contacto v\u00eda correo electr\u00f3nico o cualquier otro medio electr\u00f3nico, se deben proporcionar claramente los datos de forma detallada para ejercer los derechos (ARCO).<\/span><\/p>\n<p style=\"text-align: justify;\"><b>TRANSFERENCIA DE DATOS PERSONALES<\/b><\/p>\n<p style=\"text-align: justify;\"><span style=\"font-weight: 400;\">LANDERO BONFIGLIO BUFETE JUR\u00cdDICO, S.C., para la prestaci\u00f3n de servicios de asesor\u00eda y representaci\u00f3n legal, seguimiento de procedimientos legales, elaboraci\u00f3n de formatos, manuales, tr\u00e1mites administrativos, gestor\u00eda, impartici\u00f3n de cursos, capacitaciones, webinars, talleres, mantenimiento de archivos legales, elaboraci\u00f3n de informes; puede transferir dentro y fuera del pa\u00eds los datos personales en su posesi\u00f3n, en t\u00e9rminos a lo dispuesto por el art\u00edculo 37 de la Ley Federal de Protecci\u00f3n de Datos Personales en Posesi\u00f3n de los Particulares, y del art\u00edculo 68 de su Reglamento respectivo.<\/span><\/p>\n<p style=\"text-align: justify;\"><span style=\"font-weight: 400;\">No se realizar\u00e1n transferencias adicionales, salvo aquellas que sean necesarias para atender requerimientos de informaci\u00f3n de una autoridad competente, que est\u00e9n debidamente fundados y motivados.<\/span><\/p>\n<p style=\"text-align: justify;\"><b>PROCEDIMIENTO Y MEDIO POR EL CUAL EL RESPONSABLE COMUNICAR\u00c1 A LOS TITULARES DE CAMBIOS AL AVISO DE PRIVACIDAD, DE CONFORMIDAD CON LO PREVISTO EN ESTA LEY.<\/b><\/p>\n<p style=\"text-align: justify;\"><span style=\"font-weight: 400;\">El presente Aviso de Privacidad podr\u00e1 ser modificado en cualquier momento sin necesidad de autorizaci\u00f3n previa por el Titular o cualquier otra persona. En tal caso, las modificaciones estar\u00e1n disponibles para consulta del Titular en nuestro sitio de internet <\/span><a href=\"http:\/\/www.landeroasociados.com\"><span style=\"font-weight: 400;\">www.landeroasociados.com<\/span><\/a><span style=\"font-weight: 400;\"> o cualquier otro medio de comunicaci\u00f3n verbal, impreso o electr\u00f3nico que LANDERO BONFIGLIO BUFETE JUR\u00cdDICO, S.C. determine para tal efecto.<\/span><\/p>\n<p style=\"text-align: justify;\"><b>MEDIOS PARA REVOCAR CONSENTIMIENTO\u00a0<\/b><\/p>\n<p style=\"text-align: justify;\"><span style=\"font-weight: 400;\">En cualquier momento los titulares pueden solicitar la revocaci\u00f3n del consentimiento otorgado a LANDERO BONFIGLIO BUFETE JUR\u00cdDICO, S.C., para tratar sus datos personales enviando una solicitud por escrito dirigida a nuestro Departamento de Datos Personales a <\/span><a href=\"mailto:asesoria@landeroasociados.com\"><span style=\"font-weight: 400;\">asesoria@landeroasociados.com<\/span><\/a><span style=\"font-weight: 400;\"> y\/o <\/span><a href=\"mailto:informa@landeroasociados.com\"><span style=\"font-weight: 400;\">informa@landeroasociados.com<\/span><\/a><span style=\"font-weight: 400;\"> o enviando una notificaci\u00f3n por escrito al domicilio ubicado en el Edificio Torre World Trade Center Ciudad de M\u00e9xico en la calle Montecito No. 38, piso 16, oficina 34, Colonia N\u00e1poles, alcald\u00eda Benito Ju\u00e1rez, en la Ciudad de M\u00e9xico, C.P. 03810, de Lunes a Viernes de 9:00 a 15:00 hrs. en la que se detalle claramente los datos respecto de los que revoca su consentimiento.<\/span><\/p>\n<p style=\"text-align: justify;\"><b>INFORMACI\u00d3N OBTENIDA POR MEDIOS REMOTOS O LOCALES DE COMUNICACI\u00d3N ELECTR\u00d3NICA U \u00d3PTICA O USO DE COOKIES.<\/b><\/p>\n<p style=\"text-align: justify;\"><span style=\"font-weight: 400;\">LANDERO BONFIGLIO BUFETE JUR\u00cdDICO, S.C. utiliza cookies para mejorar nuestros servicios y mostrarle publicidad relacionada con sus preferencias de navegaci\u00f3n y el contenido de sus visitas anteriores. Al visitar nuevamente los sitios web del Responsable, las cookies nos pueden permitir personalizar nuestro contenido de acuerdo con sus preferencias. Hacemos notar que las p\u00e1ginas de internet del Responsable no usan o guardan cookies para obtener datos de identificaci\u00f3n personal de la computadora del Titular que no se hayan enviado originalmente como parte de la cookie.<\/span><\/p>\n<p style=\"text-align: justify;\"><span style=\"font-weight: 400;\">La mayor\u00eda de los exploradores le permitir\u00e1n eliminar el uso de cookies, bloquear la aceptaci\u00f3n de las cookies o recibir una advertencia antes de almacenar cookies. Le sugerimos consultar las instrucciones de su explorador para utilizar las \u201ccookies\u201d.<\/span><\/p>\n<p style=\"text-align: justify;\"><b>FUNDAMENTO PARA EL TRATAMIENTO DE DATOS PERSONALES<\/b><\/p>\n<p style=\"text-align: justify;\"><span style=\"font-weight: 400;\">LANDERO BONFIGLIO BUFETE JUR\u00cdDICO, S.C. trata los datos personales antes se\u00f1alados con fundamento en los art\u00edculos 6 al 21 de la Ley Federal de Protecci\u00f3n de Datos Personales en Posesi\u00f3n de los Particulares, publicada en el Diario Oficial de la Federaci\u00f3n el d\u00eda 5 de julio de 2010, y dem\u00e1s normatividad aplicable.<\/span><\/p>\n<\/div><\/div><\/div><\/div><\/div>","protected":false},"excerpt":{"rendered":"","protected":false},"author":1,"featured_media":0,"parent":0,"menu_order":0,"comment_status":"closed","ping_status":"closed","template":"","meta":{"footnotes":""},"class_list":["post-196","page","type-page","status-publish","hentry"],"_links":{"self":[{"href":"https:\/\/moxigelushi.com\/home\/wp-json\/wp\/v2\/pages\/196","targetHints":{"allow":["GET"]}}],"collection":[{"href":"https:\/\/moxigelushi.com\/home\/wp-json\/wp\/v2\/pages"}],"about":[{"href":"https:\/\/moxigelushi.com\/home\/wp-json\/wp\/v2\/types\/page"}],"author":[{"embeddable":true,"href":"https:\/\/moxigelushi.com\/home\/wp-json\/wp\/v2\/users\/1"}],"replies":[{"embeddable":true,"href":"https:\/\/moxigelushi.com\/home\/wp-json\/wp\/v2\/comments?post=196"}],"version-history":[{"count":3,"href":"https:\/\/moxigelushi.com\/home\/wp-json\/wp\/v2\/pages\/196\/revisions"}],"predecessor-version":[{"id":231,"href":"https:\/\/moxigelushi.com\/home\/wp-json\/wp\/v2\/pages\/196\/revisions\/231"}],"wp:attachment":[{"href":"https:\/\/moxigelushi.com\/home\/wp-json\/wp\/v2\/media?parent=196"}],"curies":[{"name":"wp","href":"https:\/\/api.w.org\/{rel}","templated":true}]}}