{"id":7,"date":"2025-07-06T04:45:39","date_gmt":"2025-07-06T04:45:39","guid":{"rendered":"https:\/\/moxigelushi.com\/?page_id=7"},"modified":"2026-01-30T14:59:46","modified_gmt":"2026-01-30T14:59:46","slug":"7-2","status":"publish","type":"page","link":"https:\/\/moxigelushi.com\/home\/","title":{"rendered":"Inicio"},"content":{"rendered":"<div class=\"et_pb_section_0 et_pb_section et_pb_fullwidth_section et_section_regular et_block_section et_pb_section_parallax\"><span class=\"et-pb-parallax-wrapper\"><span class=\"et-pb-parallax-background et-pb-parallax-background-module--divi-section-0\" style=\"background-image:url(https:\/\/moxigelushi.com\/wp-content\/uploads\/2025\/07\/land.webp)\"><\/span><\/span>\n<section class=\"et_pb_fullwidth_header_0 et_pb_fullwidth_header et_pb_bg_layout_dark et_pb_text_align_left et_pb_module et_flex_module preset--group--divi-fullwidth-header--divi-button--default\"><div class=\"et_pb_fullwidth_header_container left\"><div class=\"header-content-container center\"><div class=\"header-content et_flex_module\"><h1 class=\"et_pb_module_header\">Tu tranquilidad jur\u00eddica comienza aqu\u00ed<\/h1><span class=\"et_pb_fullwidth_header_subhead\">Asesor\u00eda jur\u00eddica a ciudadanos Chinos en  M\u00e9xico<\/span><div class=\"et_pb_header_button_wrapper\"><a class=\"et_pb_button et_pb_more_button et_pb_button_one\" href=\"https:\/\/moxigelushi.com\/home\/contacto\/\">Asesor\u00eda<\/a><\/div><\/div><\/div><\/div><div class=\"et_pb_fullwidth_header_overlay\"><\/div><div class=\"et_pb_fullwidth_header_scroll\"><\/div><\/section>\n<\/div>\n\n<div class=\"et_pb_section_1 et_pb_section et_section_regular et_block_section et_animated\">\n<div class=\"et_pb_row_0 et_pb_row et_flex_row\">\n<div class=\"et_pb_column_0 et_pb_column et_flex_column et_pb_css_mix_blend_mode_passthrough et_flex_column_12_24 et_flex_column_12_24_tablet et_flex_column_24_24_phone\">\n<div class=\"et_pb_text_0 et_pb_text et_pb_bg_layout_light et_pb_module et_block_module\"><div class=\"et_pb_text_inner\"><p>Acerca de nosotros<\/p>\n<\/div><\/div>\n\n<div class=\"et_pb_text_1 et_pb_text et_pb_bg_layout_light et_pb_module et_block_module\"><div class=\"et_pb_text_inner\"><h2 class=\"et_pb_module_header\" data-et-vb-editable-element=\"true\" contenteditable=\"true\"><span style=\"color: #0a0a0a;\">Nuestros servicios legales son completos, contamos con abogados en las especialidades del derecho que ven temas de inversi\u00f3n, migraci\u00f3n, asesor\u00eda laboral, temas inmobiliarios y de familia, te invitamos a conocer el portafolio de servicios:\u2028<\/span><\/h2>\n<\/div><\/div>\n<\/div>\n\n<div class=\"et_pb_column_1 et_pb_column et-last-child et_flex_column et_pb_css_mix_blend_mode_passthrough et_flex_column_12_24 et_flex_column_12_24_tablet et_flex_column_24_24_phone\">\n<div class=\"et_pb_image_0 et_pb_image et_pb_module et_block_module\"><span class=\"et_pb_image_wrap\"><img loading=\"lazy\" decoding=\"async\" src=\"https:\/\/moxigelushi.com\/wp-content\/uploads\/2025\/10\/grid-3-03.jpg\" width=\"800\" height=\"1000\" srcset=\"https:\/\/moxigelushi.com\/wp-content\/uploads\/2025\/10\/grid-3-03.jpg 800w, https:\/\/moxigelushi.com\/wp-content\/uploads\/2025\/10\/grid-3-03-480x600.jpg 480w\" sizes=\"(min-width: 0px) and (max-width: 480px) 480px, (min-width: 481px) 800px, 100vw\" class=\"wp-image-234\" \/><\/span><\/div>\n<\/div>\n<\/div>\n<\/div>\n\n<div class=\"et_pb_section_2 et_pb_section et_section_regular et_flex_section\">\n<div class=\"et_pb_row_1 et_pb_row et_flex_row\">\n<div class=\"et_pb_column_2 et_pb_column et-last-child et_flex_column et_pb_css_mix_blend_mode_passthrough et_flex_column_24_24 et_flex_column_24_24_tablet et_flex_column_24_24_phone\">\n<div class=\"et_pb_divider_0 et_pb_divider et_pb_space et_pb_divider_position_top et_pb_module\"><div class=\"et_pb_divider_internal\"><\/div><\/div>\n<\/div>\n<\/div>\n<\/div>\n\n<div class=\"et_pb_section_3 et_pb_section et_section_regular et_block_section\">\n<div class=\"et_pb_row_2 et_pb_row et_flex_row\">\n<div class=\"et_pb_column_3 et_pb_column et_flex_column et_pb_css_mix_blend_mode_passthrough et_flex_column_12_24 et_flex_column_12_24_tablet et_flex_column_24_24_phone\">\n<div class=\"et_pb_text_2 et_pb_text et_pb_bg_layout_light et_pb_module et_block_module\"><div class=\"et_pb_text_inner\"><p>Los ciudadanos chinos que radican en M\u00e9xico por trabajo, estudio o decisi\u00f3n personal necesitan asesor\u00eda jur\u00eddica para realizar sus actividades con tranquilidad y confianza. Al no manejar el idioma espa\u00f1ol y no tener una comunicaci\u00f3n fluida, muchas veces son v\u00edctimas de abusos y fraudes. Recibir asesor\u00eda oportuna y que los proteja asegura su inversi\u00f3n y patrimonio en M\u00e9xico. La migraci\u00f3n de chinos a M\u00e9xico aument\u00f3 1,600 por ciento en los \u00faltimos a\u00f1os.<\/p>\n<p>Nuestro despacho Landero Asociados Bufete Jur\u00eddico cuenta con abogados que se pueden comunicar en tu idioma chino, ingl\u00e9s y espa\u00f1ol, por lo que entendemos tus necesidades y trabajamos por cuidar tus derechos y beneficios al migrar a M\u00e9xico.<\/p>\n<\/div><\/div>\n\n<div class=\"et_pb_module et_pb_button_module_wrapper et_pb_button_0_wrapper preset--group--divi-button--divi-button--default_wrapper\"><a class=\"et_pb_button_0 et_pb_button et_pb_bg_layout_light et_pb_module et_block_module preset--group--divi-button--divi-button--default\" href=\"https:\/\/moxigelushi.com\/home\/contacto\/\">Agenda una asesor\u00eda<\/a><\/div>\n<\/div>\n\n<div class=\"et_pb_column_4 et_pb_column et-last-child et_flex_column et_pb_css_mix_blend_mode_passthrough et_flex_column_12_24 et_flex_column_12_24_tablet et_flex_column_24_24_phone\">\n<div class=\"et_pb_heading_0 et_pb_heading et_pb_module et_block_module\"><div class=\"et_pb_heading_container\"><h1 class=\"et_pb_module_header\">Tu tranquilidad y patrimonio en M\u00e9xico, en manos expertas.<\/h1><\/div><\/div>\n<\/div>\n<\/div>\n<\/div>\n\n<div class=\"et_pb_section_4 et_pb_section et_section_regular et_flex_section\">\n<div class=\"et_pb_row_3 et_pb_row et_flex_row\">\n<div class=\"et_pb_column_5 et_pb_column et-last-child et_flex_column et_pb_css_mix_blend_mode_passthrough et_flex_column_24_24 et_flex_column_24_24_tablet et_flex_column_24_24_phone\">\n<div class=\"et_pb_code_0 et_pb_code et_pb_module\"><\/div>\n<\/div>\n<\/div>\n<\/div>\n\n<div class=\"et_pb_section_5 et_pb_section et_section_regular et_flex_section\">\n<div class=\"et_pb_row_4 et_pb_row et-vb-row--no-module et_flex_row\">\n<div class=\"et_pb_column_6 et_pb_column et-last-child et_flex_column et_pb_column_empty et_pb_css_mix_blend_mode_passthrough et_flex_column_24_24 et_flex_column_24_24_tablet et_flex_column_24_24_phone\"><\/div>\n<\/div>\n<\/div>\n\n<div class=\"et_pb_section_6 et_pb_section et_section_regular et_flex_section\">\n<div class=\"et_pb_row_5 et_pb_row et_flex_row\">\n<div class=\"et_pb_column_7 et_pb_column et-last-child et_flex_column et_pb_css_mix_blend_mode_passthrough et_flex_column_24_24 et_flex_column_24_24_tablet et_flex_column_24_24_phone\">\n<div class=\"et_pb_text_3 et_pb_text et_pb_bg_layout_light et_pb_module et_block_module\"><div class=\"et_pb_text_inner\"><p><span style=\"color: #f7f7f7;\">Asesor\u00eda legal<\/span><\/p>\n<\/div><\/div>\n<\/div>\n<\/div>\n<\/div>\n\n<div class=\"et_pb_section_7 et_pb_section et_section_regular et_flex_section\">\n<div class=\"et_pb_row_6 et_pb_row et_flex_row\">\n<div class=\"et_pb_column_8 et_pb_column et_flex_column et_pb_css_mix_blend_mode_passthrough et_flex_column_1_5 et_flex_column_1_5_tablet et_flex_column_24_24_phone\">\n<div class=\"et_pb_text_4 et_pb_text et_pb_bg_layout_light et_pb_module et_block_module\"><div class=\"et_pb_text_inner\"><p>Servicios<\/p>\n<\/div><\/div>\n<\/div>\n\n<div class=\"et_pb_column_9 et_pb_column et_flex_column et_pb_css_mix_blend_mode_passthrough et_flex_column_3_5 et_flex_column_3_5_tablet et_flex_column_24_24_phone\">\n<div class=\"et_pb_toggle_0 et_pb_toggle et_pb_toggle_item et_pb_toggle_close et_clickable et_pb_module et_block_module\"><h5 class=\"et_pb_toggle_title\">Migratorio<\/h5><div class=\"et_pb_toggle_content clearfix\"><p>Permiso de residencia permanente<\/p>\n<p>Permiso de trabajo<\/p>\n<\/div><\/div>\n\n<div class=\"et_pb_divider_1 et_pb_divider et_pb_space et_pb_divider_position_top et_pb_module\"><div class=\"et_pb_divider_internal\"><\/div><\/div>\n<\/div>\n\n<div class=\"et_pb_column_10 et_pb_column et-last-child et_flex_column et_pb_column_empty et_pb_css_mix_blend_mode_passthrough et_flex_column_1_5 et_flex_column_1_5_tablet et_flex_column_24_24_phone\"><\/div>\n<\/div>\n\n<div class=\"et_pb_row_7 et_pb_row et_flex_row\">\n<div class=\"et_pb_column_11 et_pb_column et_flex_column et_pb_column_empty et_pb_css_mix_blend_mode_passthrough et_flex_column_1_5 et_flex_column_1_5_tablet et_flex_column_24_24_phone\"><\/div>\n\n<div class=\"et_pb_column_12 et_pb_column et_flex_column et_pb_css_mix_blend_mode_passthrough et_flex_column_3_5 et_flex_column_3_5_tablet et_flex_column_24_24_phone\">\n<div class=\"et_pb_toggle_1 et_pb_toggle et_pb_toggle_item et_pb_toggle_close et_clickable et_pb_module et_block_module\"><h5 class=\"et_pb_toggle_title\">Vivienda<\/h5><div class=\"et_pb_toggle_content clearfix\"><p>Compra - venta<\/p>\n<p>Renta<\/p>\n<p>Problemas de matrimonio<\/p>\n<\/div><\/div>\n<\/div>\n\n<div class=\"et_pb_column_13 et_pb_column et-last-child et_flex_column et_pb_column_empty et_pb_css_mix_blend_mode_passthrough et_flex_column_1_5 et_flex_column_1_5_tablet et_flex_column_24_24_phone\"><\/div>\n<\/div>\n\n<div class=\"et_pb_row_8 et_pb_row et_flex_row\">\n<div class=\"et_pb_column_14 et_pb_column et_flex_column et_pb_column_empty et_pb_css_mix_blend_mode_passthrough et_flex_column_1_5 et_flex_column_1_5_tablet et_flex_column_24_24_phone\"><\/div>\n\n<div class=\"et_pb_column_15 et_pb_column et_flex_column et_pb_css_mix_blend_mode_passthrough et_flex_column_3_5 et_flex_column_3_5_tablet et_flex_column_24_24_phone\">\n<div class=\"et_pb_divider_2 et_pb_divider et_pb_space et_pb_divider_position_top et_pb_module\"><div class=\"et_pb_divider_internal\"><\/div><\/div>\n\n<div class=\"et_pb_toggle_2 et_pb_toggle et_pb_toggle_item et_pb_toggle_close et_clickable et_pb_module et_block_module\"><h5 class=\"et_pb_toggle_title\">Familiar<\/h5><div class=\"et_pb_toggle_content clearfix\"><p>Matrimonio<\/p>\n<p>Divorcio<\/p>\n<p>Herencia<\/p>\n<\/div><\/div>\n\n<div class=\"et_pb_divider_3 et_pb_divider et_pb_space et_pb_divider_position_top et_pb_module\"><div class=\"et_pb_divider_internal\"><\/div><\/div>\n<\/div>\n\n<div class=\"et_pb_column_16 et_pb_column et-last-child et_flex_column et_pb_column_empty et_pb_css_mix_blend_mode_passthrough et_flex_column_1_5 et_flex_column_1_5_tablet et_flex_column_24_24_phone\"><\/div>\n<\/div>\n\n<div class=\"et_pb_row_9 et_pb_row et_flex_row\">\n<div class=\"et_pb_column_17 et_pb_column et_flex_column et_pb_column_empty et_pb_css_mix_blend_mode_passthrough et_flex_column_1_5 et_flex_column_1_5_tablet et_flex_column_24_24_phone\"><\/div>\n\n<div class=\"et_pb_column_18 et_pb_column et_flex_column et_pb_css_mix_blend_mode_passthrough et_flex_column_3_5 et_flex_column_3_5_tablet et_flex_column_24_24_phone\">\n<div class=\"et_pb_toggle_3 et_pb_toggle et_pb_toggle_item et_pb_toggle_close et_clickable et_pb_module et_block_module\"><h5 class=\"et_pb_toggle_title\">Penal<\/h5><div class=\"et_pb_toggle_content clearfix\"><p>Detenci\u00f3n por pleito<\/p>\n<p>Detenci\u00f3n en aeropuerto<\/p>\n<\/div><\/div>\n\n<div class=\"et_pb_divider_4 et_pb_divider et_pb_space et_pb_divider_position_top et_pb_module\"><div class=\"et_pb_divider_internal\"><\/div><\/div>\n<\/div>\n\n<div class=\"et_pb_column_19 et_pb_column et-last-child et_flex_column et_pb_column_empty et_pb_css_mix_blend_mode_passthrough et_flex_column_1_5 et_flex_column_1_5_tablet et_flex_column_24_24_phone\"><\/div>\n<\/div>\n\n<div class=\"et_pb_row_10 et_pb_row et_flex_row\">\n<div class=\"et_pb_column_20 et_pb_column et_flex_column et_pb_column_empty et_pb_css_mix_blend_mode_passthrough et_flex_column_1_5 et_flex_column_1_5_tablet et_flex_column_24_24_phone\"><\/div>\n\n<div class=\"et_pb_column_21 et_pb_column et_flex_column et_pb_css_mix_blend_mode_passthrough et_flex_column_3_5 et_flex_column_3_5_tablet et_flex_column_24_24_phone\">\n<div class=\"et_pb_toggle_4 et_pb_toggle et_pb_toggle_item et_pb_toggle_close et_clickable et_pb_module et_block_module\"><h5 class=\"et_pb_toggle_title\">Tr\u00e1nsito<\/h5><div class=\"et_pb_toggle_content clearfix\"><p>Choque<\/p>\n<p>Atropello<\/p>\n<p>Parqu\u00edmetro<\/p>\n<p>No c\u00edrcula<\/p>\n<\/div><\/div>\n\n<div class=\"et_pb_divider_5 et_pb_divider et_pb_space et_pb_divider_position_top et_pb_module\"><div class=\"et_pb_divider_internal\"><\/div><\/div>\n<\/div>\n\n<div class=\"et_pb_column_22 et_pb_column et-last-child et_flex_column et_pb_column_empty et_pb_css_mix_blend_mode_passthrough et_flex_column_1_5 et_flex_column_1_5_tablet et_flex_column_24_24_phone\"><\/div>\n<\/div>\n\n<div class=\"et_pb_row_11 et_pb_row et_flex_row\">\n<div class=\"et_pb_column_23 et_pb_column et_flex_column et_pb_column_empty et_pb_css_mix_blend_mode_passthrough et_flex_column_1_5 et_flex_column_1_5_tablet et_flex_column_24_24_phone\"><\/div>\n\n<div class=\"et_pb_column_24 et_pb_column et_flex_column et_pb_css_mix_blend_mode_passthrough et_flex_column_3_5 et_flex_column_3_5_tablet et_flex_column_24_24_phone\">\n<div class=\"et_pb_toggle_5 et_pb_toggle et_pb_toggle_item et_pb_toggle_close et_clickable et_pb_module et_block_module\"><h5 class=\"et_pb_toggle_title\">Trabajo<\/h5><div class=\"et_pb_toggle_content clearfix\"><p>Derechos legales laborales<\/p>\n<p>Obligaciones legales laborales<\/p>\n<\/div><\/div>\n\n<div class=\"et_pb_divider_6 et_pb_divider et_pb_space et_pb_divider_position_top et_pb_module\"><div class=\"et_pb_divider_internal\"><\/div><\/div>\n<\/div>\n\n<div class=\"et_pb_column_25 et_pb_column et-last-child et_flex_column et_pb_column_empty et_pb_css_mix_blend_mode_passthrough et_flex_column_1_5 et_flex_column_1_5_tablet et_flex_column_24_24_phone\"><\/div>\n<\/div>\n\n<div class=\"et_pb_row_12 et_pb_row et_flex_row\">\n<div class=\"et_pb_column_26 et_pb_column et_flex_column et_pb_column_empty et_pb_css_mix_blend_mode_passthrough et_flex_column_1_5 et_flex_column_1_5_tablet et_flex_column_24_24_phone\"><\/div>\n\n<div class=\"et_pb_column_27 et_pb_column et_flex_column et_pb_css_mix_blend_mode_passthrough et_flex_column_3_5 et_flex_column_3_5_tablet et_flex_column_24_24_phone\">\n<div class=\"et_pb_toggle_6 et_pb_toggle et_pb_toggle_item et_pb_toggle_close et_clickable et_pb_module et_block_module\"><h5 class=\"et_pb_toggle_title\">Empresa<\/h5><div class=\"et_pb_toggle_content clearfix\"><p>Tr\u00e1mites<\/p>\n<p>Contratos<\/p>\n<p>Derechos legales laborales<\/p>\n<p>Obligaciones legales laborales<\/p>\n<\/div><\/div>\n\n<div class=\"et_pb_divider_7 et_pb_divider et_pb_space et_pb_divider_position_top et_pb_module\"><div class=\"et_pb_divider_internal\"><\/div><\/div>\n<\/div>\n\n<div class=\"et_pb_column_28 et_pb_column et-last-child et_flex_column et_pb_column_empty et_pb_css_mix_blend_mode_passthrough et_flex_column_1_5 et_flex_column_1_5_tablet et_flex_column_24_24_phone\"><\/div>\n<\/div>\n<\/div>\n\n<div class=\"et_pb_section_8 et_pb_section et_section_regular et_flex_section\">\n<div class=\"et_pb_row_13 et_pb_row et-vb-row--no-module et_flex_row\">\n<div class=\"et_pb_column_29 et_pb_column et-last-child et_flex_column et_pb_column_empty et_pb_css_mix_blend_mode_passthrough et_flex_column_24_24 et_flex_column_24_24_tablet et_flex_column_24_24_phone\"><\/div>\n<\/div>\n<\/div>\n\n<div class=\"et_pb_section_9 et_pb_section et_section_regular et_flex_section\">\n<div class=\"et_pb_row_14 et_pb_row et_flex_row\">\n<div class=\"et_pb_column_30 et_pb_column et_flex_column et_pb_css_mix_blend_mode_passthrough et_flex_column_6_24 et_flex_column_8_24_tablet et_flex_column_24_24_phone\">\n<div class=\"et_pb_heading_1 et_pb_heading et_pb_module et_block_module\"><div class=\"et_pb_heading_container\"><h1 class=\"et_pb_module_header\">Su tranquilidad legal comienza aqu\u00ed.<\/h1><\/div><\/div>\n\n<div class=\"et_pb_text_5 et_pb_text et_pb_bg_layout_light et_pb_module et_block_module\"><div class=\"et_pb_text_inner\"><p><span style=\"font-weight: 400;\">Experiencia, profesionalismo y atenci\u00f3n personalizada. Cont\u00e1ctenos hoy mismo y permita que nuestro equipo especializado le apoye en alcanzar sus objetivos en M\u00e9xico con total seguridad y confianza. Tenemos oficinas en la Ciudad de M\u00e9xico y podemos asesorarle en toda la rep\u00fablica mexicana. <\/span><\/p>\n<\/div><\/div>\n<\/div>\n\n<div class=\"et_pb_column_31 et_pb_column et-last-child et_flex_column et_pb_css_mix_blend_mode_passthrough et_flex_column_18_24 et_flex_column_16_24_tablet et_flex_column_24_24_phone\">\n<div class=\"et_pb_row_15 et_pb_row et-vb-row--no-module et_pb_row_nested et_flex_row\">\n<div class=\"et_pb_column_32 et_pb_column et-last-child et_flex_column et_pb_column_empty et_pb_css_mix_blend_mode_passthrough et_flex_column_24_24 et_flex_column_24_24_tablet et_flex_column_24_24_phone\"><\/div>\n<\/div>\n\n<div class=\"et_pb_row_16 et_pb_row et_pb_row_nested et_flex_row\">\n<div class=\"et_pb_column_33 et_pb_column et_flex_column et_pb_css_mix_blend_mode_passthrough et_flex_column_12_24 et_flex_column_12_24_tablet et_flex_column_24_24_phone\">\n<div class=\"et_pb_heading_2 et_pb_heading et_pb_module et_block_module\"><div class=\"et_pb_heading_container\"><h1 class=\"et_pb_module_header\">T\u00e9l\u00e9fono<\/h1><\/div><\/div>\n\n<div class=\"et_pb_text_6 et_pb_text et_pb_bg_layout_light et_pb_module et_block_module\"><div class=\"et_pb_text_inner\"><p>+52 5557 615883<\/p>\n<\/div><\/div>\n<\/div>\n\n<div class=\"et_pb_column_34 et_pb_column et-last-child et_flex_column et_pb_css_mix_blend_mode_passthrough et_flex_column_12_24 et_flex_column_12_24_tablet et_flex_column_24_24_phone\">\n<div class=\"et_pb_text_7 et_pb_text et_pb_bg_layout_light et_pb_module et_block_module\"><div class=\"et_pb_text_inner\"><h1 class=\"et_pb_module_header\" data-et-vb-editable-element=\"true\" contenteditable=\"true\"><span style=\"color: #e02b20;\">Direcci\u00f3n<\/span><\/h1>\n<\/div><\/div>\n<\/div>\n<\/div>\n\n<div class=\"et_pb_row_17 et_pb_row et_pb_row_nested et_flex_row\">\n<div class=\"et_pb_column_35 et_pb_column et_flex_column et_pb_css_mix_blend_mode_passthrough et_flex_column_12_24 et_flex_column_12_24_tablet et_flex_column_24_24_phone\">\n<div class=\"et_pb_heading_3 et_pb_heading et_pb_module et_block_module\"><div class=\"et_pb_heading_container\"><h1 class=\"et_pb_module_header\">E-mail<\/h1><\/div><\/div>\n\n<div class=\"et_pb_text_8 et_pb_text et_pb_bg_layout_light et_pb_module et_block_module\"><div class=\"et_pb_text_inner\"><p>informa@landeroasociados.com<\/p>\n<\/div><\/div>\n<\/div>\n\n<div class=\"et_pb_column_36 et_pb_column et-last-child et_flex_column et_pb_css_mix_blend_mode_passthrough et_flex_column_12_24 et_flex_column_12_24_tablet et_flex_column_24_24_phone\">\n<div class=\"et_pb_text_9 et_pb_text et_pb_bg_layout_light et_pb_module et_block_module\"><div class=\"et_pb_text_inner\"><p>World Trade Center CDMX<\/p>\n<p>Montecito 38, Piso 16, Oficina 34.<\/p>\n<p>C.P. 03810, CDMX<\/p>\n<\/div><\/div>\n<\/div>\n<\/div>\n<\/div>\n<\/div>\n<\/div>\n\n<div class=\"et_pb_section_10 et_pb_section et_section_regular et_flex_section\">\n<div class=\"et_pb_row_18 et_pb_row et_flex_row\">\n<div class=\"et_pb_column_37 et_pb_column et-last-child et_flex_column et_pb_css_mix_blend_mode_passthrough et_flex_column_24_24 et_flex_column_24_24_tablet et_flex_column_24_24_phone\">\n<div class=\"et_pb_contact_form_0 et_pb_contact_form_container clearfix et_pb_module et_flex_module preset--group--divi-contact-form--divi-button--default\" data-form_unique_num=\"0\" data-form_unique_id=\"cfb2ead3-5f93-426c-aebb-d908cf2724aa\" id=\"et_pb_contact_form_cfb2ead3-5f93-426c-aebb-d908cf2724aa\"><div class=\"et-pb-contact-message\"><\/div><div class=\"et_pb_contact\"><form class=\"et_pb_contact_form et_flex_module\" method=\"post\" action=\"https:\/\/moxigelushi.com\/home\/wp-json\/wp\/v2\/pages\/7\">\n<div class=\"et_pb_contact_field_0 et_pb_contact_field et_pb_module et_flex_module et_flex_column_12_24 et_flex_column_12_24_tablet et_flex_column_12_24_phone\" data-id=\"nombre\" data-type=\"input\"><label class=\"et_pb_contact_form_label\" for=\"et_pb_contact_0_nombre_0\">Nombre<\/label><input type=\"text\" name=\"et_pb_contact_0_nombre_0\" id=\"et_pb_contact_0_nombre_0\" class=\"input\" data-required_mark=\"required\" data-field_type=\"input\" data-original_id=\"nombre\" placeholder=\"Nombre\" title=\"\" value=\"\" \/><\/div>\n\n<div class=\"et_pb_contact_field_1 et_pb_contact_field et_pb_module et_flex_module et_flex_column_12_24 et_flex_column_12_24_tablet et_flex_column_12_24_phone\" data-id=\"email\" data-type=\"email\"><label class=\"et_pb_contact_form_label\" for=\"et_pb_contact_0_email_1\">Email <\/label><input type=\"text\" name=\"et_pb_contact_0_email_1\" id=\"et_pb_contact_0_email_1\" class=\"input\" data-required_mark=\"required\" data-field_type=\"email\" data-original_id=\"email\" placeholder=\"Email \" title=\"\" value=\"\" \/><\/div>\n\n<div class=\"et_pb_contact_field_2 et_pb_contact_field et_pb_module et_flex_module et_flex_column_24_24 et_flex_column_24_24_tablet et_flex_column_24_24_phone\" data-id=\"mensaje\" data-type=\"text\"><label class=\"et_pb_contact_form_label\" for=\"et_pb_contact_0_mensaje_2\">Mensaje<\/label><textarea name=\"et_pb_contact_0_mensaje_2\" id=\"et_pb_contact_0_mensaje_2\" class=\"et_pb_contact_message input\" data-required_mark=\"required\" data-field_type=\"text\" data-original_id=\"mensaje\" placeholder=\"Mensaje\"><\/textarea><\/div>\n<input type=\"hidden\" name=\"et_pb_contactform_submit_cfb2ead3-5f93-426c-aebb-d908cf2724aa\" value=\"et_contact_proccess\" \/><div class=\"et_contact_bottom_container\"><div class=\"et_pb_contact_right et_pb_contact_field\"><p class=\"clearfix\"><label><span class=\"et_pb_contact_captcha_question\">2 + 15<\/span> = <input type=\"text\" size=\"2\" class=\"input et_pb_contact_captcha\" data-first_digit=\"2\" data-second_digit=\"15\" data-required_mark=\"required\" name=\"et_pb_contact_captcha_cfb2ead3-5f93-426c-aebb-d908cf2724aa\" autocomplete=\"off\" \/><\/label><\/p><\/div><div class=\"et_pb_button_wrapper\"><button type=\"submit\" name=\"et_builder_submit_button\" class=\"et_pb_button et_pb_contact_submit\">Enviar<\/button><\/div><\/div><input type=\"hidden\" id=\"_wpnonce-et-pb-contact-form-submitted-cfb2ead3-5f93-426c-aebb-d908cf2724aa\" name=\"_wpnonce-et-pb-contact-form-submitted-cfb2ead3-5f93-426c-aebb-d908cf2724aa\" value=\"bdda8fe0d5\" \/><input type=\"hidden\" name=\"_wp_http_referer\" value=\"\/home\/wp-json\/wp\/v2\/pages\/7\" \/><\/form><\/div><\/div>\n\n<div class=\"et_pb_heading_4 et_pb_heading et_pb_module et_block_module\"><div class=\"et_pb_heading_container\"><\/div><\/div>\n<\/div>\n<\/div>\n<\/div>\n\n<div class=\"et_pb_section_11 et_pb_section et_section_regular et_flex_section\">\n<div class=\"et_pb_row_19 et_pb_row et_flex_row\">\n<div class=\"et_pb_column_38 et_pb_column et_flex_column et_pb_css_mix_blend_mode_passthrough et_flex_column_12_24 et_flex_column_12_24_tablet et_flex_column_24_24_phone\">\n<div class=\"et_pb_heading_5 et_pb_heading et_pb_module et_block_module\"><div class=\"et_pb_heading_container\"><h1 class=\"et_pb_module_header\">\u00a1Estamos listos para acompa\u00f1arle en cada etapa de su proyecto o estancia en M\u00e9xico!<\/h1><\/div><\/div>\n<\/div>\n\n<div class=\"et_pb_column_39 et_pb_column et-last-child et_flex_column et_pb_css_mix_blend_mode_passthrough et_flex_column_12_24 et_flex_column_12_24_tablet et_flex_column_24_24_phone\">\n<div class=\"et_pb_image_1 et_pb_image et_pb_module et_block_module\"><a href=\"https:\/\/www.landeroasociados.com\/\"><span class=\"et_pb_image_wrap\"><img loading=\"lazy\" decoding=\"async\" src=\"https:\/\/moxigelushi.com\/wp-content\/uploads\/2025\/10\/Logo-blanco.png\" width=\"732\" height=\"297\" srcset=\"https:\/\/moxigelushi.com\/wp-content\/uploads\/2025\/10\/Logo-blanco.png 732w, https:\/\/moxigelushi.com\/wp-content\/uploads\/2025\/10\/Logo-blanco-480x195.png 480w\" sizes=\"(min-width: 0px) and (max-width: 480px) 480px, (min-width: 481px) 732px, 100vw\" class=\"wp-image-388\" \/><\/span><\/a><\/div>\n<\/div>\n<\/div>\n<\/div>","protected":false},"excerpt":{"rendered":"","protected":false},"author":1,"featured_media":0,"parent":0,"menu_order":0,"comment_status":"closed","ping_status":"closed","template":"","meta":{"footnotes":""},"class_list":["post-7","page","type-page","status-publish","hentry"],"_links":{"self":[{"href":"https:\/\/moxigelushi.com\/home\/wp-json\/wp\/v2\/pages\/7","targetHints":{"allow":["GET"]}}],"collection":[{"href":"https:\/\/moxigelushi.com\/home\/wp-json\/wp\/v2\/pages"}],"about":[{"href":"https:\/\/moxigelushi.com\/home\/wp-json\/wp\/v2\/types\/page"}],"author":[{"embeddable":true,"href":"https:\/\/moxigelushi.com\/home\/wp-json\/wp\/v2\/users\/1"}],"replies":[{"embeddable":true,"href":"https:\/\/moxigelushi.com\/home\/wp-json\/wp\/v2\/comments?post=7"}],"version-history":[{"count":108,"href":"https:\/\/moxigelushi.com\/home\/wp-json\/wp\/v2\/pages\/7\/revisions"}],"predecessor-version":[{"id":683,"href":"https:\/\/moxigelushi.com\/home\/wp-json\/wp\/v2\/pages\/7\/revisions\/683"}],"wp:attachment":[{"href":"https:\/\/moxigelushi.com\/home\/wp-json\/wp\/v2\/media?parent=7"}],"curies":[{"name":"wp","href":"https:\/\/api.w.org\/{rel}","templated":true}]}}